{"id":207,"date":"2020-02-12T09:27:48","date_gmt":"2020-02-12T09:27:48","guid":{"rendered":"https:\/\/shareyourskill.fr\/?page_id=207"},"modified":"2020-02-12T22:52:53","modified_gmt":"2020-02-12T22:52:53","slug":"site-web","status":"publish","type":"page","link":"https:\/\/shareyourskill.fr\/?page_id=207","title":{"rendered":"Site-web"},"content":{"rendered":"\t\t<div data-elementor-type=\"wp-post\" data-elementor-id=\"207\" class=\"elementor elementor-207\">\n\t\t\t\t\t\t\t\t\t<section class=\"elementor-section elementor-top-section elementor-element elementor-element-fcde230 elementor-section-boxed elementor-section-height-default elementor-section-height-default\" data-id=\"fcde230\" data-element_type=\"section\">\n\t\t\t\t\t\t<div class=\"elementor-container elementor-column-gap-no\">\n\t\t\t\t\t<div class=\"elementor-column elementor-col-100 elementor-top-column elementor-element elementor-element-d79bd14\" data-id=\"d79bd14\" data-element_type=\"column\">\n\t\t\t<div class=\"elementor-widget-wrap elementor-element-populated\">\n\t\t\t\t\t\t\t\t<div class=\"elementor-element elementor-element-f296e9b elementor-widget elementor-widget-heading\" data-id=\"f296e9b\" data-element_type=\"widget\" data-widget_type=\"heading.default\">\n\t\t\t\t<div class=\"elementor-widget-container\">\n\t\t\t<h2 class=\"elementor-heading-title elementor-size-default\">cr\u00e9ations de site-web<\/h2>\t\t<\/div>\n\t\t\t\t<\/div>\n\t\t\t\t<div class=\"elementor-element elementor-element-02c3b21 elementor-widget elementor-widget-text-editor\" data-id=\"02c3b21\" data-element_type=\"widget\" data-widget_type=\"text-editor.default\">\n\t\t\t\t<div class=\"elementor-widget-container\">\n\t\t\t\t\t\t\t<p>Que vous soyez artisans, commer\u00e7ants, professions lib\u00e9rales, associations &#8230; nous pouvons r\u00e9aliser sur mesure, vos sites internet pour apporter une visibilit\u00e9 web \u00e0 votre activit\u00e9 et\/ou vendre vos produits et services.<\/p>\t\t\t\t\t\t<\/div>\n\t\t\t\t<\/div>\n\t\t\t\t\t<\/div>\n\t\t<\/div>\n\t\t\t\t\t\t\t<\/div>\n\t\t<\/section>\n\t\t\t\t<section class=\"elementor-section elementor-top-section elementor-element elementor-element-10e0456 elementor-section-full_width elementor-section-height-default elementor-section-height-default\" data-id=\"10e0456\" data-element_type=\"section\">\n\t\t\t\t\t\t<div class=\"elementor-container elementor-column-gap-no\">\n\t\t\t\t\t<div class=\"elementor-column elementor-col-100 elementor-top-column elementor-element elementor-element-dc27283\" data-id=\"dc27283\" data-element_type=\"column\">\n\t\t\t<div class=\"elementor-widget-wrap elementor-element-populated\">\n\t\t\t\t\t\t\t\t<div class=\"elementor-element elementor-element-ce55028 elementor-widget elementor-widget-heading\" data-id=\"ce55028\" data-element_type=\"widget\" data-widget_type=\"heading.default\">\n\t\t\t\t<div class=\"elementor-widget-container\">\n\t\t\t<h2 class=\"elementor-heading-title elementor-size-default\">QUELQUES R\u00c9ALISATIONS<\/h2>\t\t<\/div>\n\t\t\t\t<\/div>\n\t\t\t\t<div class=\"elementor-element elementor-element-6b444b2 elementor-widget elementor-widget-image-gallery\" data-id=\"6b444b2\" data-element_type=\"widget\" data-widget_type=\"image-gallery.default\">\n\t\t\t\t<div class=\"elementor-widget-container\">\n\t\t\t\t\t<div class=\"elementor-image-gallery\">\n\t\t\t<div id='gallery-1' class='gallery galleryid-207 gallery-columns-4 gallery-size-full'><figure class='gallery-item'>\n\t\t\t<div class='gallery-icon landscape'>\n\t\t\t\t<a data-elementor-open-lightbox=\"yes\" data-elementor-lightbox-slideshow=\"6b444b2\" data-elementor-lightbox-title=\"share\" data-e-action-hash=\"#elementor-action%3Aaction%3Dlightbox%26settings%3DeyJpZCI6MzA2LCJ1cmwiOiJodHRwczpcL1wvc2hhcmV5b3Vyc2tpbGwuZnJcL3dwLWNvbnRlbnRcL3VwbG9hZHNcLzIwMjBcLzAyXC9zaGFyZS5wbmciLCJzbGlkZXNob3ciOiI2YjQ0NGIyIn0%3D\" href='https:\/\/shareyourskill.fr\/wp-content\/uploads\/2020\/02\/share.png'><img fetchpriority=\"high\" decoding=\"async\" width=\"1166\" height=\"1119\" src=\"https:\/\/shareyourskill.fr\/wp-content\/uploads\/2020\/02\/share.png\" class=\"attachment-full size-full\" alt=\"\" aria-describedby=\"gallery-1-306\" srcset=\"https:\/\/shareyourskill.fr\/wp-content\/uploads\/2020\/02\/share.png 1166w, https:\/\/shareyourskill.fr\/wp-content\/uploads\/2020\/02\/share-300x288.png 300w, https:\/\/shareyourskill.fr\/wp-content\/uploads\/2020\/02\/share-1024x983.png 1024w, https:\/\/shareyourskill.fr\/wp-content\/uploads\/2020\/02\/share-768x737.png 768w\" sizes=\"(max-width: 1166px) 100vw, 1166px\" \/><\/a>\n\t\t\t<\/div>\n\t\t\t\t<figcaption class='wp-caption-text gallery-caption' id='gallery-1-306'>\n\t\t\t\thttps:\/\/shareyourskill.fr\n\t\t\t\t<\/figcaption><\/figure><figure class='gallery-item'>\n\t\t\t<div class='gallery-icon landscape'>\n\t\t\t\t<a data-elementor-open-lightbox=\"yes\" data-elementor-lightbox-slideshow=\"6b444b2\" data-elementor-lightbox-title=\"abc\" data-e-action-hash=\"#elementor-action%3Aaction%3Dlightbox%26settings%3DeyJpZCI6Mjk5LCJ1cmwiOiJodHRwczpcL1wvc2hhcmV5b3Vyc2tpbGwuZnJcL3dwLWNvbnRlbnRcL3VwbG9hZHNcLzIwMjBcLzAyXC9hYmMucG5nIiwic2xpZGVzaG93IjoiNmI0NDRiMiJ9\" href='https:\/\/shareyourskill.fr\/wp-content\/uploads\/2020\/02\/abc.png'><img decoding=\"async\" width=\"1166\" height=\"1119\" src=\"https:\/\/shareyourskill.fr\/wp-content\/uploads\/2020\/02\/abc.png\" class=\"attachment-full size-full\" alt=\"\" aria-describedby=\"gallery-1-299\" srcset=\"https:\/\/shareyourskill.fr\/wp-content\/uploads\/2020\/02\/abc.png 1166w, https:\/\/shareyourskill.fr\/wp-content\/uploads\/2020\/02\/abc-300x288.png 300w, https:\/\/shareyourskill.fr\/wp-content\/uploads\/2020\/02\/abc-1024x983.png 1024w, https:\/\/shareyourskill.fr\/wp-content\/uploads\/2020\/02\/abc-768x737.png 768w\" sizes=\"(max-width: 1166px) 100vw, 1166px\" \/><\/a>\n\t\t\t<\/div>\n\t\t\t\t<figcaption class='wp-caption-text gallery-caption' id='gallery-1-299'>\n\t\t\t\thttps:\/\/brasserieschampenoises.fr\n\t\t\t\t<\/figcaption><\/figure><figure class='gallery-item'>\n\t\t\t<div class='gallery-icon landscape'>\n\t\t\t\t<a data-elementor-open-lightbox=\"yes\" data-elementor-lightbox-slideshow=\"6b444b2\" data-elementor-lightbox-title=\"dec\" data-e-action-hash=\"#elementor-action%3Aaction%3Dlightbox%26settings%3DeyJpZCI6MzA0LCJ1cmwiOiJodHRwczpcL1wvc2hhcmV5b3Vyc2tpbGwuZnJcL3dwLWNvbnRlbnRcL3VwbG9hZHNcLzIwMjBcLzAyXC9kZWMucG5nIiwic2xpZGVzaG93IjoiNmI0NDRiMiJ9\" href='https:\/\/shareyourskill.fr\/wp-content\/uploads\/2020\/02\/dec.png'><img decoding=\"async\" width=\"1166\" height=\"1119\" src=\"https:\/\/shareyourskill.fr\/wp-content\/uploads\/2020\/02\/dec.png\" class=\"attachment-full size-full\" alt=\"\" aria-describedby=\"gallery-1-304\" srcset=\"https:\/\/shareyourskill.fr\/wp-content\/uploads\/2020\/02\/dec.png 1166w, https:\/\/shareyourskill.fr\/wp-content\/uploads\/2020\/02\/dec-300x288.png 300w, https:\/\/shareyourskill.fr\/wp-content\/uploads\/2020\/02\/dec-1024x983.png 1024w, https:\/\/shareyourskill.fr\/wp-content\/uploads\/2020\/02\/dec-768x737.png 768w\" sizes=\"(max-width: 1166px) 100vw, 1166px\" \/><\/a>\n\t\t\t<\/div>\n\t\t\t\t<figcaption class='wp-caption-text gallery-caption' id='gallery-1-304'>\n\t\t\t\thttps:\/\/decoction.fr\n\t\t\t\t<\/figcaption><\/figure><figure class='gallery-item'>\n\t\t\t<div class='gallery-icon landscape'>\n\t\t\t\t<a data-elementor-open-lightbox=\"yes\" data-elementor-lightbox-slideshow=\"6b444b2\" data-elementor-lightbox-title=\"incub\" data-e-action-hash=\"#elementor-action%3Aaction%3Dlightbox%26settings%3DeyJpZCI6MzA1LCJ1cmwiOiJodHRwczpcL1wvc2hhcmV5b3Vyc2tpbGwuZnJcL3dwLWNvbnRlbnRcL3VwbG9hZHNcLzIwMjBcLzAyXC9pbmN1Yi5wbmciLCJzbGlkZXNob3ciOiI2YjQ0NGIyIn0%3D\" href='https:\/\/shareyourskill.fr\/wp-content\/uploads\/2020\/02\/incub.png'><img loading=\"lazy\" decoding=\"async\" width=\"1166\" height=\"1119\" src=\"https:\/\/shareyourskill.fr\/wp-content\/uploads\/2020\/02\/incub.png\" class=\"attachment-full size-full\" alt=\"\" aria-describedby=\"gallery-1-305\" srcset=\"https:\/\/shareyourskill.fr\/wp-content\/uploads\/2020\/02\/incub.png 1166w, https:\/\/shareyourskill.fr\/wp-content\/uploads\/2020\/02\/incub-300x288.png 300w, https:\/\/shareyourskill.fr\/wp-content\/uploads\/2020\/02\/incub-1024x983.png 1024w, https:\/\/shareyourskill.fr\/wp-content\/uploads\/2020\/02\/incub-768x737.png 768w\" sizes=\"(max-width: 1166px) 100vw, 1166px\" \/><\/a>\n\t\t\t<\/div>\n\t\t\t\t<figcaption class='wp-caption-text gallery-caption' id='gallery-1-305'>\n\t\t\t\thttp:\/\/incubateur-saintdizier.fr\n\t\t\t\t<\/figcaption><\/figure><figure class='gallery-item'>\n\t\t\t<div class='gallery-icon landscape'>\n\t\t\t\t<a data-elementor-open-lightbox=\"yes\" data-elementor-lightbox-slideshow=\"6b444b2\" data-elementor-lightbox-title=\"db\" data-e-action-hash=\"#elementor-action%3Aaction%3Dlightbox%26settings%3DeyJpZCI6MzAzLCJ1cmwiOiJodHRwczpcL1wvc2hhcmV5b3Vyc2tpbGwuZnJcL3dwLWNvbnRlbnRcL3VwbG9hZHNcLzIwMjBcLzAyXC9kYi5wbmciLCJzbGlkZXNob3ciOiI2YjQ0NGIyIn0%3D\" href='https:\/\/shareyourskill.fr\/wp-content\/uploads\/2020\/02\/db.png'><img loading=\"lazy\" decoding=\"async\" width=\"1166\" height=\"1119\" src=\"https:\/\/shareyourskill.fr\/wp-content\/uploads\/2020\/02\/db.png\" class=\"attachment-full size-full\" alt=\"\" aria-describedby=\"gallery-1-303\" srcset=\"https:\/\/shareyourskill.fr\/wp-content\/uploads\/2020\/02\/db.png 1166w, https:\/\/shareyourskill.fr\/wp-content\/uploads\/2020\/02\/db-300x288.png 300w, https:\/\/shareyourskill.fr\/wp-content\/uploads\/2020\/02\/db-1024x983.png 1024w, https:\/\/shareyourskill.fr\/wp-content\/uploads\/2020\/02\/db-768x737.png 768w\" sizes=\"(max-width: 1166px) 100vw, 1166px\" \/><\/a>\n\t\t\t<\/div>\n\t\t\t\t<figcaption class='wp-caption-text gallery-caption' id='gallery-1-303'>\n\t\t\t\thttp:\/\/detailing-box.com\n\t\t\t\t<\/figcaption><\/figure><figure class='gallery-item'>\n\t\t\t<div class='gallery-icon landscape'>\n\t\t\t\t<a data-elementor-open-lightbox=\"yes\" data-elementor-lightbox-slideshow=\"6b444b2\" data-elementor-lightbox-title=\"bc\" data-e-action-hash=\"#elementor-action%3Aaction%3Dlightbox%26settings%3DeyJpZCI6MzAyLCJ1cmwiOiJodHRwczpcL1wvc2hhcmV5b3Vyc2tpbGwuZnJcL3dwLWNvbnRlbnRcL3VwbG9hZHNcLzIwMjBcLzAyXC9iYy5wbmciLCJzbGlkZXNob3ciOiI2YjQ0NGIyIn0%3D\" href='https:\/\/shareyourskill.fr\/wp-content\/uploads\/2020\/02\/bc.png'><img loading=\"lazy\" decoding=\"async\" width=\"1166\" height=\"1119\" src=\"https:\/\/shareyourskill.fr\/wp-content\/uploads\/2020\/02\/bc.png\" class=\"attachment-full size-full\" alt=\"\" aria-describedby=\"gallery-1-302\" srcset=\"https:\/\/shareyourskill.fr\/wp-content\/uploads\/2020\/02\/bc.png 1166w, https:\/\/shareyourskill.fr\/wp-content\/uploads\/2020\/02\/bc-300x288.png 300w, https:\/\/shareyourskill.fr\/wp-content\/uploads\/2020\/02\/bc-1024x983.png 1024w, https:\/\/shareyourskill.fr\/wp-content\/uploads\/2020\/02\/bc-768x737.png 768w\" sizes=\"(max-width: 1166px) 100vw, 1166px\" \/><\/a>\n\t\t\t<\/div>\n\t\t\t\t<figcaption class='wp-caption-text gallery-caption' id='gallery-1-302'>\n\t\t\t\thttps:\/\/brasserieclemence.fr\n\t\t\t\t<\/figcaption><\/figure><figure class='gallery-item'>\n\t\t\t<div class='gallery-icon landscape'>\n\t\t\t\t<a data-elementor-open-lightbox=\"yes\" data-elementor-lightbox-slideshow=\"6b444b2\" data-elementor-lightbox-title=\"as\" data-e-action-hash=\"#elementor-action%3Aaction%3Dlightbox%26settings%3DeyJpZCI6MzAxLCJ1cmwiOiJodHRwczpcL1wvc2hhcmV5b3Vyc2tpbGwuZnJcL3dwLWNvbnRlbnRcL3VwbG9hZHNcLzIwMjBcLzAyXC9hcy5wbmciLCJzbGlkZXNob3ciOiI2YjQ0NGIyIn0%3D\" href='https:\/\/shareyourskill.fr\/wp-content\/uploads\/2020\/02\/as.png'><img loading=\"lazy\" decoding=\"async\" width=\"1166\" height=\"1119\" src=\"https:\/\/shareyourskill.fr\/wp-content\/uploads\/2020\/02\/as.png\" class=\"attachment-full size-full\" alt=\"\" aria-describedby=\"gallery-1-301\" srcset=\"https:\/\/shareyourskill.fr\/wp-content\/uploads\/2020\/02\/as.png 1166w, https:\/\/shareyourskill.fr\/wp-content\/uploads\/2020\/02\/as-300x288.png 300w, https:\/\/shareyourskill.fr\/wp-content\/uploads\/2020\/02\/as-1024x983.png 1024w, https:\/\/shareyourskill.fr\/wp-content\/uploads\/2020\/02\/as-768x737.png 768w\" sizes=\"(max-width: 1166px) 100vw, 1166px\" \/><\/a>\n\t\t\t<\/div>\n\t\t\t\t<figcaption class='wp-caption-text gallery-caption' id='gallery-1-301'>\n\t\t\t\thttp:\/\/atelierdelasaulx.fr\n\t\t\t\t<\/figcaption><\/figure><figure class='gallery-item'>\n\t\t\t<div class='gallery-icon landscape'>\n\t\t\t\t<a data-elementor-open-lightbox=\"yes\" data-elementor-lightbox-slideshow=\"6b444b2\" data-elementor-lightbox-title=\"amel\" data-e-action-hash=\"#elementor-action%3Aaction%3Dlightbox%26settings%3DeyJpZCI6MzAwLCJ1cmwiOiJodHRwczpcL1wvc2hhcmV5b3Vyc2tpbGwuZnJcL3dwLWNvbnRlbnRcL3VwbG9hZHNcLzIwMjBcLzAyXC9hbWVsLnBuZyIsInNsaWRlc2hvdyI6IjZiNDQ0YjIifQ%3D%3D\" href='https:\/\/shareyourskill.fr\/wp-content\/uploads\/2020\/02\/amel.png'><img loading=\"lazy\" decoding=\"async\" width=\"1166\" height=\"1119\" src=\"https:\/\/shareyourskill.fr\/wp-content\/uploads\/2020\/02\/amel.png\" class=\"attachment-full size-full\" alt=\"\" aria-describedby=\"gallery-1-300\" srcset=\"https:\/\/shareyourskill.fr\/wp-content\/uploads\/2020\/02\/amel.png 1166w, https:\/\/shareyourskill.fr\/wp-content\/uploads\/2020\/02\/amel-300x288.png 300w, https:\/\/shareyourskill.fr\/wp-content\/uploads\/2020\/02\/amel-1024x983.png 1024w, https:\/\/shareyourskill.fr\/wp-content\/uploads\/2020\/02\/amel-768x737.png 768w\" sizes=\"(max-width: 1166px) 100vw, 1166px\" \/><\/a>\n\t\t\t<\/div>\n\t\t\t\t<figcaption class='wp-caption-text gallery-caption' id='gallery-1-300'>\n\t\t\t\thttps:\/\/paquin-psychologue.fr\n\t\t\t\t<\/figcaption><\/figure>\n\t\t<\/div>\n\t\t<\/div>\n\t\t\t\t<\/div>\n\t\t\t\t<\/div>\n\t\t\t\t\t<\/div>\n\t\t<\/div>\n\t\t\t\t\t\t\t<\/div>\n\t\t<\/section>\n\t\t\t\t<section class=\"elementor-section elementor-top-section elementor-element elementor-element-b9825f0 elementor-section-boxed elementor-section-height-default elementor-section-height-default\" data-id=\"b9825f0\" data-element_type=\"section\" data-settings=\"{&quot;background_background&quot;:&quot;classic&quot;}\">\n\t\t\t\t\t\t<div class=\"elementor-container elementor-column-gap-no\">\n\t\t\t\t\t<div class=\"elementor-column elementor-col-100 elementor-top-column elementor-element elementor-element-0c1260f\" data-id=\"0c1260f\" data-element_type=\"column\">\n\t\t\t<div class=\"elementor-widget-wrap elementor-element-populated\">\n\t\t\t\t\t\t\t\t<div class=\"elementor-element elementor-element-3af99b1 elementor-widget elementor-widget-heading\" data-id=\"3af99b1\" data-element_type=\"widget\" data-widget_type=\"heading.default\">\n\t\t\t\t<div class=\"elementor-widget-container\">\n\t\t\t<h3 class=\"elementor-heading-title elementor-size-default\">pour de plus amples informations contactez-nous : 06.62.93.50.95<\/h3>\t\t<\/div>\n\t\t\t\t<\/div>\n\t\t\t\t\t<\/div>\n\t\t<\/div>\n\t\t\t\t\t\t\t<\/div>\n\t\t<\/section>\n\t\t\t\t\t\t\t<\/div>\n\t\t","protected":false},"excerpt":{"rendered":"<p>cr\u00e9ations de site-web Que vous soyez artisans, commer\u00e7ants, professions lib\u00e9rales, associations &#8230; nous pouvons r\u00e9aliser sur mesure, vos sites internet pour apporter une visibilit\u00e9 web \u00e0 votre activit\u00e9 et\/ou vendre vos produits et services. QUELQUES R\u00c9ALISATIONS Accueil Accueil Accueil http:\/\/incubateur-saintdizier.fr http:\/\/detailing-box.com Accueil http:\/\/atelierdelasaulx.fr Bienvenue pour de plus amples informations contactez-nous : 06.62.93.50.95<\/p>\n","protected":false},"author":1,"featured_media":74,"parent":0,"menu_order":0,"comment_status":"closed","ping_status":"closed","template":"page-templates\/page-builder.php","meta":{"footnotes":""},"class_list":["post-207","page","type-page","status-publish","has-post-thumbnail","hentry"],"_links":{"self":[{"href":"https:\/\/shareyourskill.fr\/index.php?rest_route=\/wp\/v2\/pages\/207"}],"collection":[{"href":"https:\/\/shareyourskill.fr\/index.php?rest_route=\/wp\/v2\/pages"}],"about":[{"href":"https:\/\/shareyourskill.fr\/index.php?rest_route=\/wp\/v2\/types\/page"}],"author":[{"embeddable":true,"href":"https:\/\/shareyourskill.fr\/index.php?rest_route=\/wp\/v2\/users\/1"}],"replies":[{"embeddable":true,"href":"https:\/\/shareyourskill.fr\/index.php?rest_route=%2Fwp%2Fv2%2Fcomments&post=207"}],"version-history":[{"count":11,"href":"https:\/\/shareyourskill.fr\/index.php?rest_route=\/wp\/v2\/pages\/207\/revisions"}],"predecessor-version":[{"id":343,"href":"https:\/\/shareyourskill.fr\/index.php?rest_route=\/wp\/v2\/pages\/207\/revisions\/343"}],"wp:featuredmedia":[{"embeddable":true,"href":"https:\/\/shareyourskill.fr\/index.php?rest_route=\/wp\/v2\/media\/74"}],"wp:attachment":[{"href":"https:\/\/shareyourskill.fr\/index.php?rest_route=%2Fwp%2Fv2%2Fmedia&parent=207"}],"curies":[{"name":"wp","href":"https:\/\/api.w.org\/{rel}","templated":true}]}}