{"id":209,"date":"2020-02-12T09:28:32","date_gmt":"2020-02-12T09:28:32","guid":{"rendered":"https:\/\/shareyourskill.fr\/?page_id=209"},"modified":"2020-02-12T22:50:48","modified_gmt":"2020-02-12T22:50:48","slug":"tiers-lieu","status":"publish","type":"page","link":"https:\/\/shareyourskill.fr\/?page_id=209","title":{"rendered":"Tiers-lieu"},"content":{"rendered":"\t\t<div data-elementor-type=\"wp-post\" data-elementor-id=\"209\" class=\"elementor elementor-209\">\n\t\t\t\t\t\t\t\t\t<section class=\"elementor-section elementor-top-section elementor-element elementor-element-fcde230 elementor-section-boxed elementor-section-height-default elementor-section-height-default\" data-id=\"fcde230\" data-element_type=\"section\">\n\t\t\t\t\t\t<div class=\"elementor-container elementor-column-gap-no\">\n\t\t\t\t\t<div class=\"elementor-column elementor-col-100 elementor-top-column elementor-element elementor-element-d79bd14\" data-id=\"d79bd14\" data-element_type=\"column\">\n\t\t\t<div class=\"elementor-widget-wrap elementor-element-populated\">\n\t\t\t\t\t\t\t\t<div class=\"elementor-element elementor-element-f296e9b elementor-widget elementor-widget-heading\" data-id=\"f296e9b\" data-element_type=\"widget\" data-widget_type=\"heading.default\">\n\t\t\t\t<div class=\"elementor-widget-container\">\n\t\t\t<h2 class=\"elementor-heading-title elementor-size-default\">Cr\u00e9er, mettre en place, animer et g\u00e9rer votre espace<\/h2>\t\t<\/div>\n\t\t\t\t<\/div>\n\t\t\t\t<div class=\"elementor-element elementor-element-02c3b21 elementor-widget elementor-widget-text-editor\" data-id=\"02c3b21\" data-element_type=\"widget\" data-widget_type=\"text-editor.default\">\n\t\t\t\t<div class=\"elementor-widget-container\">\n\t\t\t\t\t\t\t<p>Que vous optiez pour un h\u00f4tel d&rsquo;entreprise, un fablab, un espace de coworking, une p\u00e9pini\u00e8re, un incubateur ou toutes autres structures d\u00e9di\u00e9es \u00e0 l&rsquo;accompagnement de chef d&rsquo;entreprises, il est important d&rsquo;avoir en t\u00eate qu&rsquo;aussi majestueux soit le lieu il faut qu&rsquo;il prenne vie pour s&rsquo;\u00e9panouir pleinement.<\/p>\t\t\t\t\t\t<\/div>\n\t\t\t\t<\/div>\n\t\t\t\t\t<\/div>\n\t\t<\/div>\n\t\t\t\t\t\t\t<\/div>\n\t\t<\/section>\n\t\t\t\t<section class=\"elementor-section elementor-top-section elementor-element elementor-element-d12d09e elementor-section-boxed elementor-section-height-default elementor-section-height-default\" data-id=\"d12d09e\" data-element_type=\"section\">\n\t\t\t\t\t\t<div class=\"elementor-container elementor-column-gap-default\">\n\t\t\t\t\t<div class=\"elementor-column elementor-col-100 elementor-top-column elementor-element elementor-element-24c81ac\" data-id=\"24c81ac\" data-element_type=\"column\">\n\t\t\t<div class=\"elementor-widget-wrap elementor-element-populated\">\n\t\t\t\t\t\t\t\t<div class=\"elementor-element elementor-element-ee90d3f elementor-arrows-position-inside elementor-pagination-position-outside elementor-widget elementor-widget-image-carousel\" data-id=\"ee90d3f\" data-element_type=\"widget\" data-settings=\"{&quot;navigation&quot;:&quot;both&quot;,&quot;autoplay&quot;:&quot;yes&quot;,&quot;pause_on_hover&quot;:&quot;yes&quot;,&quot;pause_on_interaction&quot;:&quot;yes&quot;,&quot;autoplay_speed&quot;:5000,&quot;infinite&quot;:&quot;yes&quot;,&quot;speed&quot;:500}\" data-widget_type=\"image-carousel.default\">\n\t\t\t\t<div class=\"elementor-widget-container\">\n\t\t\t\t\t<div class=\"elementor-image-carousel-wrapper swiper-container\" dir=\"ltr\">\n\t\t\t<div class=\"elementor-image-carousel swiper-wrapper\" aria-live=\"off\">\n\t\t\t\t\t\t\t\t<div class=\"swiper-slide\" role=\"group\" aria-roledescription=\"slide\" aria-label=\"1 sur 5\"><figure class=\"swiper-slide-inner\"><img decoding=\"async\" class=\"swiper-slide-image\" src=\"https:\/\/shareyourskill.fr\/wp-content\/uploads\/2020\/02\/landscape-404072_1920-1024x683.jpg\" alt=\"landscape-404072_1920\" \/><\/figure><\/div><div class=\"swiper-slide\" role=\"group\" aria-roledescription=\"slide\" aria-label=\"2 sur 5\"><figure class=\"swiper-slide-inner\"><img decoding=\"async\" class=\"swiper-slide-image\" src=\"https:\/\/shareyourskill.fr\/wp-content\/uploads\/2020\/02\/startup-593341_1920-1024x683.jpg\" alt=\"startup-593341_1920\" \/><\/figure><\/div><div class=\"swiper-slide\" role=\"group\" aria-roledescription=\"slide\" aria-label=\"3 sur 5\"><figure class=\"swiper-slide-inner\"><img decoding=\"async\" class=\"swiper-slide-image\" src=\"https:\/\/shareyourskill.fr\/wp-content\/uploads\/2020\/02\/computer-1185626_1920-1024x682.jpg\" alt=\"computer-1185626_1920\" \/><\/figure><\/div><div class=\"swiper-slide\" role=\"group\" aria-roledescription=\"slide\" aria-label=\"4 sur 5\"><figure class=\"swiper-slide-inner\"><img decoding=\"async\" class=\"swiper-slide-image\" src=\"https:\/\/shareyourskill.fr\/wp-content\/uploads\/2020\/02\/startup-4777863_1920-1024x678.jpg\" alt=\"startup-4777863_1920\" \/><\/figure><\/div><div class=\"swiper-slide\" role=\"group\" aria-roledescription=\"slide\" aria-label=\"5 sur 5\"><figure class=\"swiper-slide-inner\"><img decoding=\"async\" class=\"swiper-slide-image\" src=\"https:\/\/shareyourskill.fr\/wp-content\/uploads\/2020\/02\/student-849824_1920-1024x683.jpg\" alt=\"student-849824_1920\" \/><\/figure><\/div>\t\t\t<\/div>\n\t\t\t\t\t\t\t\t\t\t\t\t<div class=\"elementor-swiper-button elementor-swiper-button-prev\" role=\"button\" tabindex=\"0\">\n\t\t\t\t\t\t<i aria-hidden=\"true\" class=\"eicon-chevron-left\"><\/i>\t\t\t\t\t<\/div>\n\t\t\t\t\t<div class=\"elementor-swiper-button elementor-swiper-button-next\" role=\"button\" tabindex=\"0\">\n\t\t\t\t\t\t<i aria-hidden=\"true\" class=\"eicon-chevron-right\"><\/i>\t\t\t\t\t<\/div>\n\t\t\t\t\n\t\t\t\t\t\t\t\t\t<div class=\"swiper-pagination\"><\/div>\n\t\t\t\t\t\t\t\t\t<\/div>\n\t\t\t\t<\/div>\n\t\t\t\t<\/div>\n\t\t\t\t<div class=\"elementor-element elementor-element-6f8d8d3 elementor-widget elementor-widget-text-editor\" data-id=\"6f8d8d3\" data-element_type=\"widget\" data-widget_type=\"text-editor.default\">\n\t\t\t\t<div class=\"elementor-widget-container\">\n\t\t\t\t\t\t\t<p style=\"text-align: left;\"><strong>Constat actuel !<\/strong><\/p>\n<p>Il existe un d\u00e9ficit notable d\u2019accompagnement aux cr\u00e9ateurs \/ repreneurs d\u2019entreprises en France, et principalement dans les territoires dits \u00ab ruraux \u00bb.<\/p>\n<p>Les pouvoirs publics locaux apportent, pour certains, des solutions telles que des p\u00e9pini\u00e8res d\u2019entreprises, h\u00f4tels, espace de coworking &#8230; mais trop rarement ils int\u00e8grent l&rsquo;accompagnement sur site de qualit\u00e9, n\u00e9cessaire au bon d\u00e9veloppement de l&rsquo;entreprise, le plus souvent par manque de moyens ou de dimensionnement (En effet salari\u00e9 un gestionnaire de site au d\u00e9marrage avec seulement quelques entreprises pr\u00e9sentent dans le lieu est assez complexe.<\/p>\n<p>Quand ce type de structure n&rsquo;est pas mise en place, ils n\u2019ont pas les arguments permettant de retenir l\u2019entrepreneur sur leur territoire, ce qui est bien dommage en milieu ruraux.<\/p>\n<p>Bien que certains dispositifs tels que les Relais d\u2019Entreprises apportent des solutions immobili\u00e8res et logistiques, le manque d\u2019accompagnement aux cr\u00e9ateurs \/ repreneurs freine le d\u00e9veloppement \u00e9conomique local et la cr\u00e9ation d\u2019emplois.<\/p>\n<p>Selon ELAN (association nationale des p\u00e9pini\u00e8res), il y aurait presque 50 % des&nbsp;<span style=\"letter-spacing: 0px;\">p\u00e9pini\u00e8res qui ne proposeraient pas un accompagnement complet \u00e0 ses locataires.<\/span><\/p>\n<p>En outre, les \u00ab n\u00e9onomades \u00bb, entendez ici, entrepreneurs hyper mobiles qui ne se retrouvent pas ou plus dans les offres immobili\u00e8res classiques, ne sont tout simplement pas accompagn\u00e9s.<\/p>\n<p><strong>Mais que faire ?<\/strong><\/p>\n<p>L\u2019accompagnement est essentiel pour la p\u00e9rennit\u00e9 d\u2019une jeune entreprise et notamment dans ses trois premi\u00e8res ann\u00e9es. En effet on remarque qu&rsquo;une soci\u00e9t\u00e9 ayant b\u00e9n\u00e9fici\u00e9 d&rsquo;un accompagnement plus que d&rsquo;un simple suivi au d\u00e9marrage de son activit\u00e9 aura une bien meilleure chance de p\u00e9rennit\u00e9.&nbsp;&nbsp;<\/p>\n<p>Le r\u00f4le d\u2019un directeur de p\u00e9pini\u00e8re d\u2019entreprises consiste \u00e0 conseiller quotidiennement l\u2019entrepreneur en lui apportant le r\u00e9seau et l\u2019expertise dont il a besoin pour se d\u00e9velopper.<\/p>\n<p>En tant qu&rsquo;ancien directeur d&rsquo;incubateur, et apr\u00e8s plus de dix ans \u00e0 accompagner de futurs chef d&rsquo;entreprise, j&rsquo;ai d\u00e9velopp\u00e9 des comp\u00e9tences fortes dans l\u2019accompagnement et le conseil aupr\u00e8s d\u2019artisans, de commer\u00e7ants comme de startupeurs.<\/p>\n<p><span style=\"letter-spacing: 0px;\">En lien avec un ancien coll\u00e8gue nous avons r\u00e9fl\u00e9chis sur la mise en place d&rsquo;une offre de service modulable.<\/span><\/p>\n<p>Cela rev\u00eatira plusieurs points sp\u00e9cifiques :<\/p>\n<ul>\n<li>Un audit au besoin pour d\u00e9finir apr\u00e8s une \u00e9tude du territoire l&rsquo;offre la plus adapt\u00e9es aux besoins. En effet inutile de cr\u00e9er une p\u00e9pini\u00e8re d&rsquo;entreprise la ou un simple espace de co-working fera l&rsquo;affaire<\/li>\n<li>La mise en place de la structure peut-\u00eatre la aussi envisag\u00e9 en fonction de vos besoins. Rencontr\u00e9 les partenaires, choix du lieu propice au d\u00e9veloppement de la cr\u00e9ativit\u00e9 et de l\u2019esprit d&rsquo;entreprendre &#8230;<\/li>\n<li>Enfin l&rsquo;animation et la gestion du lieu seront l&rsquo;aboutissement logique de la d\u00e9marche. Il serait dommage de cr\u00e9er un lieu sans vie &#8230; Je fais le choix de m&rsquo;orienter vers le milieu rural car il me caract\u00e9rise d&rsquo;avantage. Nous n&rsquo;avons pas les m\u00eame attente dans nos campagnes que dans les grandes m\u00e9tropoles.<\/li>\n<\/ul>\n<div>\n<p>Par conviction et valeurs personnelles je fais donc le choix de m&rsquo;orienter vers la \u00ab\u00a0ruralit\u00e9\u00a0\u00bb pour aider \u00e0 la redynamisation de nos campagnes.<\/p>\n<\/div>\n<p>Les points susmentionn\u00e9s ne sont pas tous une suite logique d&rsquo;op\u00e9ration, en effet le constant national montre que bon nombres de structures existantes manque d&rsquo;accompagnement, nous pouvons donc vous aider et conseiller uniquement sur l&rsquo;animation voir la gestion d&rsquo;un lieu existant &#8230; a contrario si pr\u00e9f\u00e9rez recruter quelqu&rsquo;un sur sites et en local nous pouvons uniquement vous aider dans la mise en place du lieu voir le recrutement du profil adapt\u00e9 pour le poste &#8230;<\/p>\n<p>ShareYourSkill de part son exp\u00e9rience \u00e0 la possibilit\u00e9 de vous proposer un accompagnement cl\u00e9s en main comme susmentionn\u00e9, il pourra rev\u00eatir par exemple les points cl\u00e9s suivants :<\/p>\n<p>&#8211; Accompagnement individuel et personnalis\u00e9 en pr\u00e9sentiel et \u00e0 distance &#8230;<\/p>\n<p>&#8211; Accompagnement collectif, notamment par le biais de formation qui pourront \u00eatre mise en place en fonction des souhaits des locataires et\/ou donneurs d&rsquo;ordres &#8230;<\/p>\n<p>&#8211; Animations diverses, allant du simple afterwork \u00e0 la cr\u00e9ation de concours pour cr\u00e9er une \u00e9mulsion autour de l&rsquo;entrepreneuriat &#8230;<\/p><p><span style=\"color: rgb(0, 0, 0); font-family: Poppins, sans-serif; font-size: 25px; letter-spacing: 0px; text-align: center;\">&nbsp;<\/span><\/p>\t\t\t\t\t\t<\/div>\n\t\t\t\t<\/div>\n\t\t\t\t\t<\/div>\n\t\t<\/div>\n\t\t\t\t\t\t\t<\/div>\n\t\t<\/section>\n\t\t\t\t<section class=\"elementor-section elementor-top-section elementor-element elementor-element-b9825f0 elementor-section-boxed elementor-section-height-default elementor-section-height-default\" data-id=\"b9825f0\" data-element_type=\"section\" data-settings=\"{&quot;background_background&quot;:&quot;classic&quot;}\">\n\t\t\t\t\t\t<div class=\"elementor-container elementor-column-gap-no\">\n\t\t\t\t\t<div class=\"elementor-column elementor-col-100 elementor-top-column elementor-element elementor-element-0c1260f\" data-id=\"0c1260f\" data-element_type=\"column\">\n\t\t\t<div class=\"elementor-widget-wrap elementor-element-populated\">\n\t\t\t\t\t\t\t\t<div class=\"elementor-element elementor-element-3af99b1 elementor-widget elementor-widget-heading\" data-id=\"3af99b1\" data-element_type=\"widget\" data-widget_type=\"heading.default\">\n\t\t\t\t<div class=\"elementor-widget-container\">\n\t\t\t<h3 class=\"elementor-heading-title elementor-size-default\">pour de plus amples informations contactez-nous : 06.62.93.50.95<\/h3>\t\t<\/div>\n\t\t\t\t<\/div>\n\t\t\t\t\t<\/div>\n\t\t<\/div>\n\t\t\t\t\t\t\t<\/div>\n\t\t<\/section>\n\t\t\t\t\t\t\t<\/div>\n\t\t","protected":false},"excerpt":{"rendered":"<p>Cr\u00e9er, mettre en place, animer et g\u00e9rer votre espace Que vous optiez pour un h\u00f4tel d&rsquo;entreprise, un fablab, un espace de coworking, une p\u00e9pini\u00e8re, un incubateur ou toutes autres structures d\u00e9di\u00e9es \u00e0 l&rsquo;accompagnement de chef d&rsquo;entreprises, il est important d&rsquo;avoir en t\u00eate qu&rsquo;aussi majestueux soit le lieu il faut qu&rsquo;il prenne vie pour s&rsquo;\u00e9panouir pleinement. &hellip;<\/p>\n","protected":false},"author":1,"featured_media":74,"parent":0,"menu_order":0,"comment_status":"closed","ping_status":"closed","template":"page-templates\/page-builder.php","meta":{"footnotes":""},"class_list":["post-209","page","type-page","status-publish","has-post-thumbnail","hentry"],"_links":{"self":[{"href":"https:\/\/shareyourskill.fr\/index.php?rest_route=\/wp\/v2\/pages\/209"}],"collection":[{"href":"https:\/\/shareyourskill.fr\/index.php?rest_route=\/wp\/v2\/pages"}],"about":[{"href":"https:\/\/shareyourskill.fr\/index.php?rest_route=\/wp\/v2\/types\/page"}],"author":[{"embeddable":true,"href":"https:\/\/shareyourskill.fr\/index.php?rest_route=\/wp\/v2\/users\/1"}],"replies":[{"embeddable":true,"href":"https:\/\/shareyourskill.fr\/index.php?rest_route=%2Fwp%2Fv2%2Fcomments&post=209"}],"version-history":[{"count":5,"href":"https:\/\/shareyourskill.fr\/index.php?rest_route=\/wp\/v2\/pages\/209\/revisions"}],"predecessor-version":[{"id":341,"href":"https:\/\/shareyourskill.fr\/index.php?rest_route=\/wp\/v2\/pages\/209\/revisions\/341"}],"wp:featuredmedia":[{"embeddable":true,"href":"https:\/\/shareyourskill.fr\/index.php?rest_route=\/wp\/v2\/media\/74"}],"wp:attachment":[{"href":"https:\/\/shareyourskill.fr\/index.php?rest_route=%2Fwp%2Fv2%2Fmedia&parent=209"}],"curies":[{"name":"wp","href":"https:\/\/api.w.org\/{rel}","templated":true}]}}