{"id":294,"date":"2020-02-12T12:18:42","date_gmt":"2020-02-12T12:18:42","guid":{"rendered":"https:\/\/shareyourskill.fr\/?page_id=294"},"modified":"2021-06-25T11:03:14","modified_gmt":"2021-06-25T11:03:14","slug":"conseils","status":"publish","type":"page","link":"https:\/\/shareyourskill.fr\/?page_id=294","title":{"rendered":"Conseils"},"content":{"rendered":"\t\t<div data-elementor-type=\"wp-post\" data-elementor-id=\"294\" class=\"elementor elementor-294\">\n\t\t\t\t\t\t\t\t\t<section class=\"elementor-section elementor-top-section elementor-element elementor-element-fcde230 elementor-section-boxed elementor-section-height-default elementor-section-height-default\" data-id=\"fcde230\" data-element_type=\"section\">\n\t\t\t\t\t\t<div class=\"elementor-container elementor-column-gap-no\">\n\t\t\t\t\t<div class=\"elementor-column elementor-col-100 elementor-top-column elementor-element elementor-element-d79bd14\" data-id=\"d79bd14\" data-element_type=\"column\">\n\t\t\t<div class=\"elementor-widget-wrap elementor-element-populated\">\n\t\t\t\t\t\t\t\t<div class=\"elementor-element elementor-element-f296e9b elementor-widget elementor-widget-heading\" data-id=\"f296e9b\" data-element_type=\"widget\" data-widget_type=\"heading.default\">\n\t\t\t\t<div class=\"elementor-widget-container\">\n\t\t\t<h2 class=\"elementor-heading-title elementor-size-default\">Conseils \/ Accompagnement<\/h2>\t\t<\/div>\n\t\t\t\t<\/div>\n\t\t\t\t<div class=\"elementor-element elementor-element-02c3b21 elementor-widget elementor-widget-text-editor\" data-id=\"02c3b21\" data-element_type=\"widget\" data-widget_type=\"text-editor.default\">\n\t\t\t\t<div class=\"elementor-widget-container\">\n\t\t\t\t\t\t\t<p>Vous avez envie d&rsquo;entreprendre mais vous ne savez pas comment vous y prendre ? Fort de 10 ans d&rsquo;exp\u00e9riences dans l&rsquo;accompagnement \u00e0 la cr\u00e9ation d&rsquo;entreprise dont 6 ans responsable de structure. J&rsquo;ai eu l&rsquo;occasion de cr\u00e9er bon nombre d&rsquo;entreprises personnellement et je serai \u00e0 m\u00eame de vous conseiller pour vos projets.<\/p>\t\t\t\t\t\t<\/div>\n\t\t\t\t<\/div>\n\t\t\t\t\t<\/div>\n\t\t<\/div>\n\t\t\t\t\t\t\t<\/div>\n\t\t<\/section>\n\t\t\t\t<section class=\"elementor-section elementor-top-section elementor-element elementor-element-929d735 elementor-section-full_width elementor-section-height-default elementor-section-height-default\" data-id=\"929d735\" data-element_type=\"section\">\n\t\t\t\t\t\t<div class=\"elementor-container elementor-column-gap-no\">\n\t\t\t\t\t<div class=\"elementor-column elementor-col-33 elementor-top-column elementor-element elementor-element-d5e3469\" data-id=\"d5e3469\" data-element_type=\"column\" data-settings=\"{&quot;background_background&quot;:&quot;classic&quot;}\">\n\t\t\t<div class=\"elementor-widget-wrap elementor-element-populated\">\n\t\t\t\t\t\t\t\t<div class=\"elementor-element elementor-element-04663bb elementor-widget elementor-widget-heading\" data-id=\"04663bb\" data-element_type=\"widget\" data-widget_type=\"heading.default\">\n\t\t\t\t<div class=\"elementor-widget-container\">\n\t\t\t<h3 class=\"elementor-heading-title elementor-size-default\">quelques exemples ...<\/h3>\t\t<\/div>\n\t\t\t\t<\/div>\n\t\t\t\t<div class=\"elementor-element elementor-element-d2db535 elementor-widget elementor-widget-text-editor\" data-id=\"d2db535\" data-element_type=\"widget\" data-widget_type=\"text-editor.default\">\n\t\t\t\t<div class=\"elementor-widget-container\">\n\t\t\t\t\t\t\t<p>&#8211; Ad\u00e9quation Homme\/projet<\/p><p>&#8211; Etude de march\u00e9<\/p><p>&#8211; Choix du statut juridique<\/p><p>&#8211; Business Plan<\/p><p>&#8211; Montage de dossier de financement<\/p><p>&#8211; Pr\u00e9parations de la comptabilit\u00e9 simplifi\u00e9<\/p><p>&#8211; Lancement de la publicit\u00e9<\/p>\t\t\t\t\t\t<\/div>\n\t\t\t\t<\/div>\n\t\t\t\t\t<\/div>\n\t\t<\/div>\n\t\t\t\t<div class=\"elementor-column elementor-col-33 elementor-top-column elementor-element elementor-element-3a0563d\" data-id=\"3a0563d\" data-element_type=\"column\" data-settings=\"{&quot;background_background&quot;:&quot;classic&quot;}\">\n\t\t\t<div class=\"elementor-widget-wrap elementor-element-populated\">\n\t\t\t\t\t\t\t\t<div class=\"elementor-element elementor-element-6a1d385 elementor-absolute elementor-widget elementor-widget-image\" data-id=\"6a1d385\" data-element_type=\"widget\" data-settings=\"{&quot;_position&quot;:&quot;absolute&quot;}\" data-widget_type=\"image.default\">\n\t\t\t\t<div class=\"elementor-widget-container\">\n\t\t\t\t\t\t\t\t\t\t\t\t\t\t\t<img fetchpriority=\"high\" decoding=\"async\" width=\"1024\" height=\"682\" src=\"https:\/\/shareyourskill.fr\/wp-content\/uploads\/2020\/02\/computer-1185626_1920-1024x682.jpg\" class=\"attachment-large size-large wp-image-334\" alt=\"\" srcset=\"https:\/\/shareyourskill.fr\/wp-content\/uploads\/2020\/02\/computer-1185626_1920-1024x682.jpg 1024w, https:\/\/shareyourskill.fr\/wp-content\/uploads\/2020\/02\/computer-1185626_1920-300x200.jpg 300w, https:\/\/shareyourskill.fr\/wp-content\/uploads\/2020\/02\/computer-1185626_1920-768x512.jpg 768w, https:\/\/shareyourskill.fr\/wp-content\/uploads\/2020\/02\/computer-1185626_1920-1536x1023.jpg 1536w, https:\/\/shareyourskill.fr\/wp-content\/uploads\/2020\/02\/computer-1185626_1920.jpg 1920w\" sizes=\"(max-width: 1024px) 100vw, 1024px\" \/>\t\t\t\t\t\t\t\t\t\t\t\t\t\t\t<\/div>\n\t\t\t\t<\/div>\n\t\t\t\t\t<\/div>\n\t\t<\/div>\n\t\t\t\t<div class=\"elementor-column elementor-col-33 elementor-top-column elementor-element elementor-element-03d33b4\" data-id=\"03d33b4\" data-element_type=\"column\" data-settings=\"{&quot;background_background&quot;:&quot;classic&quot;}\">\n\t\t\t<div class=\"elementor-widget-wrap elementor-element-populated\">\n\t\t\t\t\t\t\t\t<div class=\"elementor-element elementor-element-7628a1a elementor-widget elementor-widget-heading\" data-id=\"7628a1a\" data-element_type=\"widget\" data-widget_type=\"heading.default\">\n\t\t\t\t<div class=\"elementor-widget-container\">\n\t\t\t<h3 class=\"elementor-heading-title elementor-size-default\">Accompagnement ch\u00e8ques CREA<\/h3>\t\t<\/div>\n\t\t\t\t<\/div>\n\t\t\t\t<div class=\"elementor-element elementor-element-328d77c elementor-widget elementor-widget-text-editor\" data-id=\"328d77c\" data-element_type=\"widget\" data-widget_type=\"text-editor.default\">\n\t\t\t\t<div class=\"elementor-widget-container\">\n\t\t\t\t\t\t\t<p>Dans le cadre de nos partenariats nous sommes en mesure de proposer via notre partenaire CONSOR, un accompagnement ante et post cr\u00e9ation.<\/p><p>Nous sommes en mesure de proposer un accompagnement cl\u00e9 en main finan\u00e7able \u00e0 100% par le ch\u00e8que CREA.\u00a0<\/p><p>Contactez nous si vous souhaitez v\u00e9rifier votre \u00e9ligibilit\u00e9<\/p>\t\t\t\t\t\t<\/div>\n\t\t\t\t<\/div>\n\t\t\t\t<div class=\"elementor-element elementor-element-0c3789f elementor-align-center elementor-widget elementor-widget-button\" data-id=\"0c3789f\" data-element_type=\"widget\" data-widget_type=\"button.default\">\n\t\t\t\t<div class=\"elementor-widget-container\">\n\t\t\t\t\t<div class=\"elementor-button-wrapper\">\n\t\t\t<a class=\"elementor-button elementor-button-link elementor-size-sm\" href=\"\">\n\t\t\t\t\t\t<span class=\"elementor-button-content-wrapper\">\n\t\t\t\t\t\t<span class=\"elementor-button-text\">Contact<\/span>\n\t\t<\/span>\n\t\t\t\t\t<\/a>\n\t\t<\/div>\n\t\t\t\t<\/div>\n\t\t\t\t<\/div>\n\t\t\t\t\t<\/div>\n\t\t<\/div>\n\t\t\t\t\t\t\t<\/div>\n\t\t<\/section>\n\t\t\t\t<section class=\"elementor-section elementor-top-section elementor-element elementor-element-93c84c7 elementor-section-boxed elementor-section-height-default elementor-section-height-default\" data-id=\"93c84c7\" data-element_type=\"section\">\n\t\t\t\t\t\t<div class=\"elementor-container elementor-column-gap-no\">\n\t\t\t\t\t<div class=\"elementor-column elementor-col-100 elementor-top-column elementor-element elementor-element-3bb4158\" data-id=\"3bb4158\" data-element_type=\"column\">\n\t\t\t<div class=\"elementor-widget-wrap elementor-element-populated\">\n\t\t\t\t\t\t\t\t<div class=\"elementor-element elementor-element-f1e0c45 elementor-widget elementor-widget-heading\" data-id=\"f1e0c45\" data-element_type=\"widget\" data-widget_type=\"heading.default\">\n\t\t\t\t<div class=\"elementor-widget-container\">\n\t\t\t<h2 class=\"elementor-heading-title elementor-size-default\">Un pannel de formation elargie<\/h2>\t\t<\/div>\n\t\t\t\t<\/div>\n\t\t\t\t<div class=\"elementor-element elementor-element-e6ce901 elementor-widget elementor-widget-text-editor\" data-id=\"e6ce901\" data-element_type=\"widget\" data-widget_type=\"text-editor.default\">\n\t\t\t\t<div class=\"elementor-widget-container\">\n\t\t\t\t\t\t\t<p>Vous souhaitez \u00eatre form\u00e9 sur une th\u00e9matique tr\u00e8s pr\u00e9cise, n&rsquo;h\u00e9sitez pas \u00e0 nous contacter, nous pourrons nous appuyer sur la force de nos partenaires formateurs et vous mettre en lien avec des sp\u00e9cialistes de la formation qui pourront vous guider dans vos recherches.\u00a0<\/p><p>\u00a0<\/p>\t\t\t\t\t\t<\/div>\n\t\t\t\t<\/div>\n\t\t\t\t<div class=\"elementor-element elementor-element-021dbbb elementor-widget elementor-widget-text-editor\" data-id=\"021dbbb\" data-element_type=\"widget\" data-widget_type=\"text-editor.default\">\n\t\t\t\t<div class=\"elementor-widget-container\">\n\t\t\t\t\t\t\t<ul><li>Me former \u00e0 la cr\u00e9ation de site web<\/li><li>Me former \u00e0 la cr\u00e9ation d&rsquo;entreprise<\/li><li>Me former aux r\u00e9seaux sociaux<\/li><li>Me former au business plan<\/li><li>Me former \u00e0 la gestion d&rsquo;entreprise<\/li><li>Me former dans d&rsquo;autres domaines ?<\/li><\/ul>\t\t\t\t\t\t<\/div>\n\t\t\t\t<\/div>\n\t\t\t\t\t<\/div>\n\t\t<\/div>\n\t\t\t\t\t\t\t<\/div>\n\t\t<\/section>\n\t\t\t\t<section class=\"elementor-section elementor-top-section elementor-element elementor-element-b9825f0 elementor-section-boxed elementor-section-height-default elementor-section-height-default\" data-id=\"b9825f0\" data-element_type=\"section\" data-settings=\"{&quot;background_background&quot;:&quot;classic&quot;}\">\n\t\t\t\t\t\t<div class=\"elementor-container elementor-column-gap-no\">\n\t\t\t\t\t<div class=\"elementor-column elementor-col-100 elementor-top-column elementor-element elementor-element-0c1260f\" data-id=\"0c1260f\" data-element_type=\"column\">\n\t\t\t<div class=\"elementor-widget-wrap elementor-element-populated\">\n\t\t\t\t\t\t\t\t<div class=\"elementor-element elementor-element-3af99b1 elementor-widget elementor-widget-heading\" data-id=\"3af99b1\" data-element_type=\"widget\" data-widget_type=\"heading.default\">\n\t\t\t\t<div class=\"elementor-widget-container\">\n\t\t\t<h3 class=\"elementor-heading-title elementor-size-default\">pour de plus amples informations contactez-nous : 06.62.93.50.95<\/h3>\t\t<\/div>\n\t\t\t\t<\/div>\n\t\t\t\t\t<\/div>\n\t\t<\/div>\n\t\t\t\t\t\t\t<\/div>\n\t\t<\/section>\n\t\t\t\t\t\t\t<\/div>\n\t\t","protected":false},"excerpt":{"rendered":"<p>Conseils \/ Accompagnement Vous avez envie d&rsquo;entreprendre mais vous ne savez pas comment vous y prendre ? Fort de 10 ans d&rsquo;exp\u00e9riences dans l&rsquo;accompagnement \u00e0 la cr\u00e9ation d&rsquo;entreprise dont 6 ans responsable de structure. J&rsquo;ai eu l&rsquo;occasion de cr\u00e9er bon nombre d&rsquo;entreprises personnellement et je serai \u00e0 m\u00eame de vous conseiller pour vos projets. quelques &hellip;<\/p>\n","protected":false},"author":1,"featured_media":74,"parent":0,"menu_order":0,"comment_status":"closed","ping_status":"closed","template":"page-templates\/page-builder.php","meta":{"footnotes":""},"class_list":["post-294","page","type-page","status-publish","has-post-thumbnail","hentry"],"_links":{"self":[{"href":"https:\/\/shareyourskill.fr\/index.php?rest_route=\/wp\/v2\/pages\/294"}],"collection":[{"href":"https:\/\/shareyourskill.fr\/index.php?rest_route=\/wp\/v2\/pages"}],"about":[{"href":"https:\/\/shareyourskill.fr\/index.php?rest_route=\/wp\/v2\/types\/page"}],"author":[{"embeddable":true,"href":"https:\/\/shareyourskill.fr\/index.php?rest_route=\/wp\/v2\/users\/1"}],"replies":[{"embeddable":true,"href":"https:\/\/shareyourskill.fr\/index.php?rest_route=%2Fwp%2Fv2%2Fcomments&post=294"}],"version-history":[{"count":8,"href":"https:\/\/shareyourskill.fr\/index.php?rest_route=\/wp\/v2\/pages\/294\/revisions"}],"predecessor-version":[{"id":408,"href":"https:\/\/shareyourskill.fr\/index.php?rest_route=\/wp\/v2\/pages\/294\/revisions\/408"}],"wp:featuredmedia":[{"embeddable":true,"href":"https:\/\/shareyourskill.fr\/index.php?rest_route=\/wp\/v2\/media\/74"}],"wp:attachment":[{"href":"https:\/\/shareyourskill.fr\/index.php?rest_route=%2Fwp%2Fv2%2Fmedia&parent=294"}],"curies":[{"name":"wp","href":"https:\/\/api.w.org\/{rel}","templated":true}]}}