{"id":7,"date":"2019-07-10T10:04:19","date_gmt":"2019-07-10T10:04:19","guid":{"rendered":"https:\/\/demo.sukiwp.com\/cg-accounting-elementor\/?page_id=7"},"modified":"2020-02-14T19:55:48","modified_gmt":"2020-02-14T19:55:48","slug":"formations","status":"publish","type":"page","link":"https:\/\/shareyourskill.fr\/?page_id=7","title":{"rendered":"Formations"},"content":{"rendered":"\t\t<div data-elementor-type=\"wp-post\" data-elementor-id=\"7\" class=\"elementor elementor-7\">\n\t\t\t\t\t\t\t\t\t<section class=\"elementor-section elementor-top-section elementor-element elementor-element-fcde230 elementor-section-boxed elementor-section-height-default elementor-section-height-default\" data-id=\"fcde230\" data-element_type=\"section\">\n\t\t\t\t\t\t<div class=\"elementor-container elementor-column-gap-no\">\n\t\t\t\t\t<div class=\"elementor-column elementor-col-100 elementor-top-column elementor-element elementor-element-d79bd14\" data-id=\"d79bd14\" data-element_type=\"column\">\n\t\t\t<div class=\"elementor-widget-wrap elementor-element-populated\">\n\t\t\t\t\t\t\t\t<div class=\"elementor-element elementor-element-f296e9b elementor-widget elementor-widget-heading\" data-id=\"f296e9b\" data-element_type=\"widget\" data-widget_type=\"heading.default\">\n\t\t\t\t<div class=\"elementor-widget-container\">\n\t\t\t<h2 class=\"elementor-heading-title elementor-size-default\">Formations<\/h2>\t\t<\/div>\n\t\t\t\t<\/div>\n\t\t\t\t<div class=\"elementor-element elementor-element-02c3b21 elementor-widget elementor-widget-text-editor\" data-id=\"02c3b21\" data-element_type=\"widget\" data-widget_type=\"text-editor.default\">\n\t\t\t\t<div class=\"elementor-widget-container\">\n\t\t\t\t\t\t\t<p>Apr\u00e8s plusieurs ann\u00e9es dans l&rsquo;accompagnement \u00e0 la cr\u00e9ation d&rsquo;entreprise, je transmets maintenant mes connaissances et comp\u00e9tences acquises par le biais de formations.<\/p>\t\t\t\t\t\t<\/div>\n\t\t\t\t<\/div>\n\t\t\t\t\t<\/div>\n\t\t<\/div>\n\t\t\t\t\t\t\t<\/div>\n\t\t<\/section>\n\t\t\t\t<section class=\"elementor-section elementor-top-section elementor-element elementor-element-929d735 elementor-section-full_width elementor-section-height-default elementor-section-height-default\" data-id=\"929d735\" data-element_type=\"section\">\n\t\t\t\t\t\t<div class=\"elementor-container elementor-column-gap-no\">\n\t\t\t\t\t<div class=\"elementor-column elementor-col-33 elementor-top-column elementor-element elementor-element-d5e3469\" data-id=\"d5e3469\" data-element_type=\"column\" data-settings=\"{&quot;background_background&quot;:&quot;classic&quot;}\">\n\t\t\t<div class=\"elementor-widget-wrap elementor-element-populated\">\n\t\t\t\t\t\t\t\t<div class=\"elementor-element elementor-element-04663bb elementor-widget elementor-widget-heading\" data-id=\"04663bb\" data-element_type=\"widget\" data-widget_type=\"heading.default\">\n\t\t\t\t<div class=\"elementor-widget-container\">\n\t\t\t<h3 class=\"elementor-heading-title elementor-size-default\">Formation cr\u00e9ation<\/h3>\t\t<\/div>\n\t\t\t\t<\/div>\n\t\t\t\t<div class=\"elementor-element elementor-element-d2db535 elementor-widget elementor-widget-text-editor\" data-id=\"d2db535\" data-element_type=\"widget\" data-widget_type=\"text-editor.default\">\n\t\t\t\t<div class=\"elementor-widget-container\">\n\t\t\t\t\t\t\t<p>&#8211; L&rsquo;id\u00e9e de cr\u00e9ation d&rsquo;entreprise<\/p><p>&#8211; Etude de march\u00e9<\/p><p>&#8211; Gestion de la comptabilit\u00e9 au quotidien<\/p><p>&#8211; Buisness Plan<\/p><p>&#8211; Montage de dossier de financement<\/p><p>&#8211; Gestion de ma micro-entreprise<\/p><p>&#8211; Calcul du co\u00fbt de revient &#8230;<\/p>\t\t\t\t\t\t<\/div>\n\t\t\t\t<\/div>\n\t\t\t\t\t<\/div>\n\t\t<\/div>\n\t\t\t\t<div class=\"elementor-column elementor-col-33 elementor-top-column elementor-element elementor-element-3a0563d\" data-id=\"3a0563d\" data-element_type=\"column\" data-settings=\"{&quot;background_background&quot;:&quot;classic&quot;}\">\n\t\t\t<div class=\"elementor-widget-wrap elementor-element-populated\">\n\t\t\t\t\t\t\t\t<div class=\"elementor-element elementor-element-6a1d385 elementor-absolute elementor-widget elementor-widget-image\" data-id=\"6a1d385\" data-element_type=\"widget\" data-settings=\"{&quot;_position&quot;:&quot;absolute&quot;}\" data-widget_type=\"image.default\">\n\t\t\t\t<div class=\"elementor-widget-container\">\n\t\t\t\t\t\t\t\t\t\t\t\t\t\t\t<img fetchpriority=\"high\" decoding=\"async\" width=\"1024\" height=\"683\" src=\"https:\/\/shareyourskill.fr\/wp-content\/uploads\/2020\/02\/workplace-1245776_1920-1024x683.jpg\" class=\"attachment-large size-large wp-image-178\" alt=\"\" srcset=\"https:\/\/shareyourskill.fr\/wp-content\/uploads\/2020\/02\/workplace-1245776_1920-1024x683.jpg 1024w, https:\/\/shareyourskill.fr\/wp-content\/uploads\/2020\/02\/workplace-1245776_1920-300x200.jpg 300w, https:\/\/shareyourskill.fr\/wp-content\/uploads\/2020\/02\/workplace-1245776_1920-768x512.jpg 768w, https:\/\/shareyourskill.fr\/wp-content\/uploads\/2020\/02\/workplace-1245776_1920-1536x1024.jpg 1536w, https:\/\/shareyourskill.fr\/wp-content\/uploads\/2020\/02\/workplace-1245776_1920.jpg 1920w\" sizes=\"(max-width: 1024px) 100vw, 1024px\" \/>\t\t\t\t\t\t\t\t\t\t\t\t\t\t\t<\/div>\n\t\t\t\t<\/div>\n\t\t\t\t\t<\/div>\n\t\t<\/div>\n\t\t\t\t<div class=\"elementor-column elementor-col-33 elementor-top-column elementor-element elementor-element-03d33b4\" data-id=\"03d33b4\" data-element_type=\"column\" data-settings=\"{&quot;background_background&quot;:&quot;classic&quot;}\">\n\t\t\t<div class=\"elementor-widget-wrap elementor-element-populated\">\n\t\t\t\t\t\t\t\t<div class=\"elementor-element elementor-element-7628a1a elementor-widget elementor-widget-heading\" data-id=\"7628a1a\" data-element_type=\"widget\" data-widget_type=\"heading.default\">\n\t\t\t\t<div class=\"elementor-widget-container\">\n\t\t\t<h3 class=\"elementor-heading-title elementor-size-default\">Formation communication<\/h3>\t\t<\/div>\n\t\t\t\t<\/div>\n\t\t\t\t<div class=\"elementor-element elementor-element-328d77c elementor-widget elementor-widget-text-editor\" data-id=\"328d77c\" data-element_type=\"widget\" data-widget_type=\"text-editor.default\">\n\t\t\t\t<div class=\"elementor-widget-container\">\n\t\t\t\t\t\t\t<p>&#8211; Technique de communication<\/p><p>&#8211; Editer les premiers documents de communication<\/p><p>&#8211; Les r\u00e9seaux sociaux initiation<\/p><p>&#8211; Les r\u00e9seaux sociaux perfectionnement<\/p><p>&#8211; Cr\u00e9er son site internet<\/p><p>&#8211; Modifier le contenu de votre site internet<\/p><p>&#8211; Mettre en page son site internet<\/p>\t\t\t\t\t\t<\/div>\n\t\t\t\t<\/div>\n\t\t\t\t\t<\/div>\n\t\t<\/div>\n\t\t\t\t\t\t\t<\/div>\n\t\t<\/section>\n\t\t\t\t<section class=\"elementor-section elementor-top-section elementor-element elementor-element-93c84c7 elementor-section-boxed elementor-section-height-default elementor-section-height-default\" data-id=\"93c84c7\" data-element_type=\"section\">\n\t\t\t\t\t\t<div class=\"elementor-container elementor-column-gap-no\">\n\t\t\t\t\t<div class=\"elementor-column elementor-col-100 elementor-top-column elementor-element elementor-element-3bb4158\" data-id=\"3bb4158\" data-element_type=\"column\">\n\t\t\t<div class=\"elementor-widget-wrap elementor-element-populated\">\n\t\t\t\t\t\t\t\t<div class=\"elementor-element elementor-element-f1e0c45 elementor-widget elementor-widget-heading\" data-id=\"f1e0c45\" data-element_type=\"widget\" data-widget_type=\"heading.default\">\n\t\t\t\t<div class=\"elementor-widget-container\">\n\t\t\t<h2 class=\"elementor-heading-title elementor-size-default\">formations diverses<\/h2>\t\t<\/div>\n\t\t\t\t<\/div>\n\t\t\t\t<div class=\"elementor-element elementor-element-e6ce901 elementor-widget elementor-widget-text-editor\" data-id=\"e6ce901\" data-element_type=\"widget\" data-widget_type=\"text-editor.default\">\n\t\t\t\t<div class=\"elementor-widget-container\">\n\t\t\t\t\t\t\t<p>Nous disposons d&rsquo;un r\u00e9seau de partenaires formateurs.&nbsp;<span style=\"letter-spacing: 0px;\">Vous avez des demandes sp\u00e9cifiques ? N&rsquo;h\u00e9sitez pas \u00e0 nous solliciter, nous trouverons dans notre r\u00e9seau un expert capable de r\u00e9pondre \u00e0 vos besoins.<\/span><\/p>\t\t\t\t\t\t<\/div>\n\t\t\t\t<\/div>\n\t\t\t\t<div class=\"elementor-element elementor-element-021dbbb elementor-widget elementor-widget-text-editor\" data-id=\"021dbbb\" data-element_type=\"widget\" data-widget_type=\"text-editor.default\">\n\t\t\t\t<div class=\"elementor-widget-container\">\n\t\t\t\t\t\t\t<ul><li>Technique de recherche d&#8217;emploi<\/li><li>H\u00e9bergement web<\/li><li>R\u00e9aliser vos tableaux de bords<\/li><li>Pack office et graphismes<\/li><li>Eco-conception<\/li><li>Economie Sociale et solidaire<\/li><li>Innovation<\/li><li>Confiance en soi &#8230;<\/li><\/ul>\t\t\t\t\t\t<\/div>\n\t\t\t\t<\/div>\n\t\t\t\t\t<\/div>\n\t\t<\/div>\n\t\t\t\t\t\t\t<\/div>\n\t\t<\/section>\n\t\t\t\t<section class=\"elementor-section elementor-top-section elementor-element elementor-element-b9825f0 elementor-section-boxed elementor-section-height-default elementor-section-height-default\" data-id=\"b9825f0\" data-element_type=\"section\" data-settings=\"{&quot;background_background&quot;:&quot;classic&quot;}\">\n\t\t\t\t\t\t<div class=\"elementor-container elementor-column-gap-no\">\n\t\t\t\t\t<div class=\"elementor-column elementor-col-100 elementor-top-column elementor-element elementor-element-0c1260f\" data-id=\"0c1260f\" data-element_type=\"column\">\n\t\t\t<div class=\"elementor-widget-wrap elementor-element-populated\">\n\t\t\t\t\t\t\t\t<div class=\"elementor-element elementor-element-3af99b1 elementor-widget elementor-widget-heading\" data-id=\"3af99b1\" data-element_type=\"widget\" data-widget_type=\"heading.default\">\n\t\t\t\t<div class=\"elementor-widget-container\">\n\t\t\t<h3 class=\"elementor-heading-title elementor-size-default\">pour de plus amples informations contactez-nous : 06.62.93.50.95<\/h3>\t\t<\/div>\n\t\t\t\t<\/div>\n\t\t\t\t\t<\/div>\n\t\t<\/div>\n\t\t\t\t\t\t\t<\/div>\n\t\t<\/section>\n\t\t\t\t\t\t\t<\/div>\n\t\t","protected":false},"excerpt":{"rendered":"<p>Formations Apr\u00e8s plusieurs ann\u00e9es dans l&rsquo;accompagnement \u00e0 la cr\u00e9ation d&rsquo;entreprise, je transmets maintenant mes connaissances et comp\u00e9tences acquises par le biais de formations. Formation cr\u00e9ation &#8211; L&rsquo;id\u00e9e de cr\u00e9ation d&rsquo;entreprise &#8211; Etude de march\u00e9 &#8211; Gestion de la comptabilit\u00e9 au quotidien &#8211; Buisness Plan &#8211; Montage de dossier de financement &#8211; Gestion de ma micro-entreprise &hellip;<\/p>\n","protected":false},"author":1,"featured_media":74,"parent":0,"menu_order":0,"comment_status":"closed","ping_status":"closed","template":"page-templates\/page-builder.php","meta":{"footnotes":""},"class_list":["post-7","page","type-page","status-publish","has-post-thumbnail","hentry"],"_links":{"self":[{"href":"https:\/\/shareyourskill.fr\/index.php?rest_route=\/wp\/v2\/pages\/7"}],"collection":[{"href":"https:\/\/shareyourskill.fr\/index.php?rest_route=\/wp\/v2\/pages"}],"about":[{"href":"https:\/\/shareyourskill.fr\/index.php?rest_route=\/wp\/v2\/types\/page"}],"author":[{"embeddable":true,"href":"https:\/\/shareyourskill.fr\/index.php?rest_route=\/wp\/v2\/users\/1"}],"replies":[{"embeddable":true,"href":"https:\/\/shareyourskill.fr\/index.php?rest_route=%2Fwp%2Fv2%2Fcomments&post=7"}],"version-history":[{"count":8,"href":"https:\/\/shareyourskill.fr\/index.php?rest_route=\/wp\/v2\/pages\/7\/revisions"}],"predecessor-version":[{"id":354,"href":"https:\/\/shareyourskill.fr\/index.php?rest_route=\/wp\/v2\/pages\/7\/revisions\/354"}],"wp:featuredmedia":[{"embeddable":true,"href":"https:\/\/shareyourskill.fr\/index.php?rest_route=\/wp\/v2\/media\/74"}],"wp:attachment":[{"href":"https:\/\/shareyourskill.fr\/index.php?rest_route=%2Fwp%2Fv2%2Fmedia&parent=7"}],"curies":[{"name":"wp","href":"https:\/\/api.w.org\/{rel}","templated":true}]}}